{"id":248,"date":"2018-11-15T11:46:33","date_gmt":"2018-11-15T11:46:33","guid":{"rendered":"http:\/\/clubdomarcarino.es\/?page_id=248"},"modified":"2021-10-27T10:52:05","modified_gmt":"2021-10-27T10:52:05","slug":"politica-de-privacidade","status":"publish","type":"page","link":"https:\/\/clubdomarcarino.es\/index.php\/politica-de-privacidade\/","title":{"rendered":"Pol\u00edtica de Privacidade"},"content":{"rendered":"<h2>Quen somos?<\/h2>\n<p>O CLUB DO MAR CARI\u00d1O \u00e9 unha asociaci\u00f3n privada con  personalidade xur\u00eddica e capacidade de obrar, integrada por persoas f\u00edsicas ou xur\u00eddicas, con personalidade xur\u00eddica propia e capacidade de obrar, con domicilio na Comunidade Aut\u00f3noma de Galicia, que ten como obxecto primordial fomentar as actividades n\u00e1uticas e o impulso da pr\u00e1ctica continuada dunha ou varias modalidades deportivas, as\u00ed como a participaci\u00f3n en actividades e competici\u00f3ns deportivas calquera que sexa o seu nivel e destinatario.<br \/>\nA direcci\u00f3n da nosa p\u00e1xina web \u00e9: http:\/\/clubdomarcarino.es.<\/p>\n<h2>Que datos persoais recollemos e por que os recollemos?<\/h2>\n<h3>Comentarios<\/h3>\n<p>Cando os visitantes deixan comentarios na web, recompilamos os datos que se mostran no formulario de comentarios, as\u00ed como a direcci\u00f3n IP do visitante e a cadea de axentes de usuario do navegador para axudar \u00e1 detecci\u00f3n de spam.<\/p>\n<p>Unha cadea an\u00f3nima creada a partir da t\u00faa direcci\u00f3n de correo electr\u00f3nico (tam\u00e9n chamada hash) pode ser proporcionada ao servizo de Gravatar para ver se a est\u00e1s usando. A pol\u00edtica de privacidade do servizo Gravatar est\u00e1 dispo\u00f1ible aqu\u00ed: https:\/\/automattic.com\/privacy\/. Despois da aprobaci\u00f3n do teu comentario, a imaxe do teu perfil \u00e9 visible para o p\u00fablico no contexto do seu comentario.<\/p>\n<h3>Multimedia<\/h3>\n<p>Se es un usuario rexistrado e carga imaxes \u00e1 web, debes evitar cargar imaxes con datos de localizaci\u00f3n GPS EXIF inclu\u00eddos. Os visitantes da web poden descargar e extraer calquera dato de localizaci\u00f3n das imaxes da web.<\/p>\n<h3>Formularios<\/h3>\n<p>Nos formularios de inscripci\u00f3n das actividades e preciso levar un rexistro dos participantes a ditas actividades, tamen nalg\u00fans casos e preciso trasladar esos datos as distintas federaci\u00f3ns ou seguros privandos para dar de alta esos seguros ou licencias federativas.<\/p>\n<h3>Cookies<\/h3>\n<p>Se deixas un comentario no noso sitio podes elixir gardar o teu nome, direcci\u00f3n de correo electr\u00f3nico e web en cookies. Isto \u00e9 para a t\u00faa comodidade, para que non te\u00f1as que volver encher os teus datos cando deixes outro comentario. Estas cookies ter\u00e1n unha duraci\u00f3n dun ano.<\/p>\n<p>Se tes unha conta e con\u00e9ctaste a este sitio, instalaremos unha cookie temporal para determinar se o teu navegador acepta cookies. Esta cookie non cont\u00e9n datos persoais e elim\u00ednase ao pechar o navegador.<\/p>\n<p>Cando inicias sesi\u00f3n, tam\u00e9n instalaremos varias cookies para gardar a t\u00faa informaci\u00f3n de inicio de sesi\u00f3n e as t\u00faas opci\u00f3ns de visualizaci\u00f3n de pantalla. As cookies de inicio de sesi\u00f3n duran dous d\u00edas, e as cookies de opci\u00f3ns de pantalla duran un ano. Se seleccionas \u00abLembrarme\u00bb, o teu inicio de sesi\u00f3n perdurar\u00e1 durante d\u00faas semanas. Se saes da t\u00faa conta, as cookies de inicio de sesi\u00f3n eliminaranse.<\/p>\n<p>Se editas ou publicas un artigo, gardarase unha cookie adicional no teu navegador. Esta cookie non incl\u00fae datos persoais e simplemente indica o ID do artigo que acabas de editar. Expira despois de 1 d\u00eda.<\/p>\n<h3>Contido incrustado doutros sitios web<\/h3>\n<p>Os artigos deste sitio poden inclu\u00edr contido incrustado (por exemplo, v\u00eddeos, imaxes, artigos, etc.). O contido incrustado doutras web comp\u00f3rtase exactamente da mesma maneira que se o visitante visitase a outra web.<\/p>\n<p>Estas web poden recompilar datos sobre ti, utilizar cookies, incrustar un seguimento adicional de terceiros, e supervisar a t\u00faa interacci\u00f3n con ese contido incrustado, inclu\u00eddo o seguimento da s\u00faa interacci\u00f3n co contido incrustado se tes unha conta e est\u00e1s conectado a esa web.<\/p>\n<h3>Anal\u00edtica<\/h3>\n<p>Google Analytics aporta informaci\u00f3n sobre la actividad generada dentro de los sitios webs y sobre los usuarios o clientes que nos visitan, como puede ser su comportamiento de compra, su lugar de procedencia o, incluso, las conversaciones que pueden llegar a tener dentro del sitio web.<br \/>\nAs\u00ed durante a navegaci\u00f3n usamos <\/p>\n<h2>Con quen compartimos os teus datos?<\/h2>\n<p>S\u00f3 compartimos informaci\u00f3n dos usuarios a hora de tramitar licencias federativas coas diferentes federaci\u00f3n, as\u00ed como empresas de seguros, co \u00fanico fin de asegurar as distintas actividades que realizamos.<\/p>\n<h2>Canto tempo conservamos os teus datos<\/h2>\n<p>Se deixas un comentario, o comentario e os seus metadatos cons\u00e9rvanse indefinidamente. Isto \u00e9 para que podamos reco\u00f1ecer e aprobar comentarios sucesivos automaticamente en lugar de mantelos nunha cola de moderaci\u00f3n<\/p>\n<p>Dos usuarios que se rexistran na nosa web (se os hai), tam\u00e9n almacenamos a informaci\u00f3n persoal que proporcionan no seu perfil de usuario. Todos os usuarios poden ver, editar ou eliminar a s\u00faa informaci\u00f3n persoal en calquera momento (ag\u00e1s que non poden cambiar o seu nome de usuario). Os administradores da web tam\u00e9n poden ver e editar esa informaci\u00f3n.<\/p>\n<h2>Que dereitos tes sobre os teus datos<\/h2>\n<p>Se tes unha conta, deixaches comentarios nesta web ou te inscribiste nalguna actividade, podes solicitar:<\/p>\n<ul>\n<li>Recibir un arquivo de exportaci\u00f3n dos datos persoais que temos sobre ti, inclu\u00edndo calquera dato que nos proporcionaras.<\/li>\n<li>Podes solicitar que eliminemos calquera dato persoal que te\u00f1amos sobre ti. Isto non incl\u00fae ning\u00fan dato que esteamos obrigados a conservar con fins administrativos, legais ou de seguridade.<\/li>\n<li>Podes rectificar a t\u00faa informaci\u00f3n.<\/li>\n<\/ul>\n<p>Enviaremos dita informaci\u00f3n a donde nos solicites, sempre que non haxa custo, que correr\u00e1 a cargo do solicitante.<\/p>\n<h2>A t\u00faa informaci\u00f3n de contacto<\/h2>\n<p>Club do Mar Cari\u00f1o<br \/>\nCIF: G15109069<br \/>\nAv\/Da constituci\u00f3n, s\/n<br \/>\n15360 Cari\u00f1o (A Coru\u00f1a)<\/p>\n<p>email:<br \/>\nclubdomarcarino@gmail.com<br \/>\nTel\u00e9fono: 686165221<\/p>\n","protected":false},"excerpt":{"rendered":"<p>Quen somos? O CLUB DO MAR CARI\u00d1O \u00e9 unha asociaci\u00f3n privada con personalidade xur\u00eddica e capacidade de obrar, integrada por persoas f\u00edsicas ou xur\u00eddicas, con personalidade xur\u00eddica propia e capacidade[&#8230;]<\/p>\n","protected":false},"author":1,"featured_media":0,"parent":0,"menu_order":0,"comment_status":"closed","ping_status":"closed","template":"","meta":{"footnotes":""},"class_list":["post-248","page","type-page","status-publish","hentry"],"_links":{"self":[{"href":"https:\/\/clubdomarcarino.es\/index.php\/wp-json\/wp\/v2\/pages\/248","targetHints":{"allow":["GET"]}}],"collection":[{"href":"https:\/\/clubdomarcarino.es\/index.php\/wp-json\/wp\/v2\/pages"}],"about":[{"href":"https:\/\/clubdomarcarino.es\/index.php\/wp-json\/wp\/v2\/types\/page"}],"author":[{"embeddable":true,"href":"https:\/\/clubdomarcarino.es\/index.php\/wp-json\/wp\/v2\/users\/1"}],"replies":[{"embeddable":true,"href":"https:\/\/clubdomarcarino.es\/index.php\/wp-json\/wp\/v2\/comments?post=248"}],"version-history":[{"count":4,"href":"https:\/\/clubdomarcarino.es\/index.php\/wp-json\/wp\/v2\/pages\/248\/revisions"}],"predecessor-version":[{"id":1106,"href":"https:\/\/clubdomarcarino.es\/index.php\/wp-json\/wp\/v2\/pages\/248\/revisions\/1106"}],"wp:attachment":[{"href":"https:\/\/clubdomarcarino.es\/index.php\/wp-json\/wp\/v2\/media?parent=248"}],"curies":[{"name":"wp","href":"https:\/\/api.w.org\/{rel}","templated":true}]}}