{"id":112,"date":"2018-11-08T21:59:16","date_gmt":"2018-11-08T21:59:16","guid":{"rendered":"http:\/\/vps609231.ovh.net\/?page_id=112"},"modified":"2022-09-27T07:15:43","modified_gmt":"2022-09-27T07:15:43","slug":"contacto","status":"publish","type":"page","link":"https:\/\/clubdomarcarino.es\/index.php\/contacto\/","title":{"rendered":"Contacto"},"content":{"rendered":"<p><iframe loading=\"lazy\" src=\"https:\/\/www.google.com\/maps\/embed?pb=!1m18!1m12!1m3!1d2882.664276850541!2d-7.876147784499485!3d43.738300679118524!2m3!1f0!2f0!3f0!3m2!1i1024!2i768!4f13.1!3m3!1m2!1s0x0%3A0x902144515001ab66!2sClub+do+Mar+Cari%C3%B1o!5e0!3m2!1ses!2ses!4v1543409003280\" width=\"900\" height=\"450\" frameborder=\"0\" style=\"border:0\" allowfullscreen><\/iframe><\/p>\n<h3>Direcci\u00f3n<\/h3>\n<p>Club do Mar Cari\u00f1o<br \/>\nAv\/Da constituci\u00f3n, s\/n<br \/>\n15360 Cari\u00f1o (A Coru\u00f1a)<\/p>\n<p>email:<br \/>\n<a href=\"mailto:clubdomarcarino@gmail.com?Subject=contacto\" target=\"_top\" rel=\"noopener\">clubdomarcarino@gmail.com<\/a><br \/>\nTel\u00e9fono: 686 165 221<\/p>\n","protected":false},"excerpt":{"rendered":"<p>Direcci\u00f3n Club do Mar Cari\u00f1o Av\/Da constituci\u00f3n, s\/n 15360 Cari\u00f1o (A Coru\u00f1a) email: clubdomarcarino@gmail.com Tel\u00e9fono: 686 165 221<\/p>\n","protected":false},"author":1,"featured_media":0,"parent":0,"menu_order":0,"comment_status":"closed","ping_status":"closed","template":"","meta":{"footnotes":""},"class_list":["post-112","page","type-page","status-publish","hentry"],"_links":{"self":[{"href":"https:\/\/clubdomarcarino.es\/index.php\/wp-json\/wp\/v2\/pages\/112","targetHints":{"allow":["GET"]}}],"collection":[{"href":"https:\/\/clubdomarcarino.es\/index.php\/wp-json\/wp\/v2\/pages"}],"about":[{"href":"https:\/\/clubdomarcarino.es\/index.php\/wp-json\/wp\/v2\/types\/page"}],"author":[{"embeddable":true,"href":"https:\/\/clubdomarcarino.es\/index.php\/wp-json\/wp\/v2\/users\/1"}],"replies":[{"embeddable":true,"href":"https:\/\/clubdomarcarino.es\/index.php\/wp-json\/wp\/v2\/comments?post=112"}],"version-history":[{"count":21,"href":"https:\/\/clubdomarcarino.es\/index.php\/wp-json\/wp\/v2\/pages\/112\/revisions"}],"predecessor-version":[{"id":1258,"href":"https:\/\/clubdomarcarino.es\/index.php\/wp-json\/wp\/v2\/pages\/112\/revisions\/1258"}],"wp:attachment":[{"href":"https:\/\/clubdomarcarino.es\/index.php\/wp-json\/wp\/v2\/media?parent=112"}],"curies":[{"name":"wp","href":"https:\/\/api.w.org\/{rel}","templated":true}]}}